{"id":4641,"date":"2017-09-18T11:02:36","date_gmt":"2017-09-18T11:02:36","guid":{"rendered":"https:\/\/www.conikal.com\/petition\/default\/?page_id=4641"},"modified":"2023-08-29T11:33:37","modified_gmt":"2023-08-29T09:33:37","slug":"supporters-list","status":"publish","type":"page","link":"https:\/\/faire-loehne.ch\/it\/supporters-list\/","title":{"rendered":"Supporters list"},"content":{"rendered":"","protected":false},"excerpt":{"rendered":"","protected":false},"author":1,"featured_media":0,"parent":0,"menu_order":0,"comment_status":"closed","ping_status":"closed","template":"supporters-list.php","meta":{"inline_featured_image":false,"footnotes":""},"yoast_head":"<!-- This site is optimized with the Yoast SEO plugin v21.1 - https:\/\/yoast.com\/wordpress\/plugins\/seo\/ -->\n<title>Faire L\u00f6hne<\/title>\n<meta name=\"description\" content=\"Faire L\u00f6hne und Arbeitsbedingungen f\u00fcr Medienschaffende \/\/ Des salaires et des conditions de travail \u00e9quitables pour les professionnels des m\u00e9dias \/\/ Salari e condizioni di lavoro equi per i professionisti dei media.\" \/>\n<meta name=\"robots\" content=\"index, follow, max-snippet:-1, max-image-preview:large, max-video-preview:-1\" \/>\n<link rel=\"canonical\" href=\"https:\/\/faire-loehne.ch\/it\/supporters-list\/\" \/>\n<meta property=\"og:locale\" content=\"it_IT\" \/>\n<meta property=\"og:type\" content=\"article\" \/>\n<meta property=\"og:title\" content=\"Faire L\u00f6hne\" \/>\n<meta property=\"og:description\" content=\"Faire L\u00f6hne und Arbeitsbedingungen f\u00fcr Medienschaffende \/\/ Des salaires et des conditions de travail \u00e9quitables pour les professionnels des m\u00e9dias \/\/ Salari e condizioni di lavoro equi per i professionisti dei media.\" \/>\n<meta property=\"og:url\" content=\"https:\/\/faire-loehne.ch\/it\/supporters-list\/\" \/>\n<meta property=\"og:site_name\" content=\"Faire L\u00f6hne\" \/>\n<meta property=\"article:modified_time\" content=\"2023-08-29T09:33:37+00:00\" \/>\n<meta property=\"og:image\" content=\"https:\/\/faire-loehne.ch\/wp-content\/uploads\/2023\/08\/header_lohndemo.png\" \/>\n\t<meta property=\"og:image:width\" content=\"4000\" \/>\n\t<meta property=\"og:image:height\" content=\"2000\" \/>\n\t<meta property=\"og:image:type\" content=\"image\/png\" \/>\n<meta name=\"twitter:card\" content=\"summary_large_image\" \/>\n<script type=\"application\/ld+json\" class=\"yoast-schema-graph\">{\"@context\":\"https:\/\/schema.org\",\"@graph\":[{\"@type\":\"WebPage\",\"@id\":\"https:\/\/faire-loehne.ch\/supporters-list\/\",\"url\":\"https:\/\/faire-loehne.ch\/supporters-list\/\",\"name\":\"Faire L\u00f6hne\",\"isPartOf\":{\"@id\":\"https:\/\/faire-loehne.ch\/#website\"},\"datePublished\":\"2017-09-18T11:02:36+00:00\",\"dateModified\":\"2023-08-29T09:33:37+00:00\",\"description\":\"Faire L\u00f6hne und Arbeitsbedingungen f\u00fcr Medienschaffende \/\/ Des salaires et des conditions de travail \u00e9quitables pour les professionnels des m\u00e9dias \/\/ Salari e condizioni di lavoro equi per i professionisti dei media.\",\"breadcrumb\":{\"@id\":\"https:\/\/faire-loehne.ch\/supporters-list\/#breadcrumb\"},\"inLanguage\":\"it-IT\",\"potentialAction\":[{\"@type\":\"ReadAction\",\"target\":[\"https:\/\/faire-loehne.ch\/supporters-list\/\"]}]},{\"@type\":\"BreadcrumbList\",\"@id\":\"https:\/\/faire-loehne.ch\/supporters-list\/#breadcrumb\",\"itemListElement\":[{\"@type\":\"ListItem\",\"position\":1,\"name\":\"Startseite\",\"item\":\"https:\/\/faire-loehne.ch\/\"},{\"@type\":\"ListItem\",\"position\":2,\"name\":\"Supporters list\"}]},{\"@type\":\"WebSite\",\"@id\":\"https:\/\/faire-loehne.ch\/#website\",\"url\":\"https:\/\/faire-loehne.ch\/\",\"name\":\"Faire L\u00f6hne\",\"description\":\"FAIRE L\u00d6HNE UND ARBEITSBEDINGUNGEN F\u00dcR MEDIENSCHAFFENDE\",\"potentialAction\":[{\"@type\":\"SearchAction\",\"target\":{\"@type\":\"EntryPoint\",\"urlTemplate\":\"https:\/\/faire-loehne.ch\/?s={search_term_string}\"},\"query-input\":\"required name=search_term_string\"}],\"inLanguage\":\"it-IT\"}]}<\/script>\n<!-- \/ Yoast SEO plugin. -->","yoast_head_json":{"title":"Faire L\u00f6hne","description":"Faire L\u00f6hne und Arbeitsbedingungen f\u00fcr Medienschaffende \/\/ Des salaires et des conditions de travail \u00e9quitables pour les professionnels des m\u00e9dias \/\/ Salari e condizioni di lavoro equi per i professionisti dei media.","robots":{"index":"index","follow":"follow","max-snippet":"max-snippet:-1","max-image-preview":"max-image-preview:large","max-video-preview":"max-video-preview:-1"},"canonical":"https:\/\/faire-loehne.ch\/it\/supporters-list\/","og_locale":"it_IT","og_type":"article","og_title":"Faire L\u00f6hne","og_description":"Faire L\u00f6hne und Arbeitsbedingungen f\u00fcr Medienschaffende \/\/ Des salaires et des conditions de travail \u00e9quitables pour les professionnels des m\u00e9dias \/\/ Salari e condizioni di lavoro equi per i professionisti dei media.","og_url":"https:\/\/faire-loehne.ch\/it\/supporters-list\/","og_site_name":"Faire L\u00f6hne","article_modified_time":"2023-08-29T09:33:37+00:00","og_image":[{"width":4000,"height":2000,"url":"https:\/\/faire-loehne.ch\/wp-content\/uploads\/2023\/08\/header_lohndemo.png","type":"image\/png"}],"twitter_card":"summary_large_image","schema":{"@context":"https:\/\/schema.org","@graph":[{"@type":"WebPage","@id":"https:\/\/faire-loehne.ch\/supporters-list\/","url":"https:\/\/faire-loehne.ch\/supporters-list\/","name":"Faire L\u00f6hne","isPartOf":{"@id":"https:\/\/faire-loehne.ch\/#website"},"datePublished":"2017-09-18T11:02:36+00:00","dateModified":"2023-08-29T09:33:37+00:00","description":"Faire L\u00f6hne und Arbeitsbedingungen f\u00fcr Medienschaffende \/\/ Des salaires et des conditions de travail \u00e9quitables pour les professionnels des m\u00e9dias \/\/ Salari e condizioni di lavoro equi per i professionisti dei media.","breadcrumb":{"@id":"https:\/\/faire-loehne.ch\/supporters-list\/#breadcrumb"},"inLanguage":"it-IT","potentialAction":[{"@type":"ReadAction","target":["https:\/\/faire-loehne.ch\/supporters-list\/"]}]},{"@type":"BreadcrumbList","@id":"https:\/\/faire-loehne.ch\/supporters-list\/#breadcrumb","itemListElement":[{"@type":"ListItem","position":1,"name":"Startseite","item":"https:\/\/faire-loehne.ch\/"},{"@type":"ListItem","position":2,"name":"Supporters list"}]},{"@type":"WebSite","@id":"https:\/\/faire-loehne.ch\/#website","url":"https:\/\/faire-loehne.ch\/","name":"Faire L\u00f6hne","description":"FAIRE L\u00d6HNE UND ARBEITSBEDINGUNGEN F\u00dcR MEDIENSCHAFFENDE","potentialAction":[{"@type":"SearchAction","target":{"@type":"EntryPoint","urlTemplate":"https:\/\/faire-loehne.ch\/?s={search_term_string}"},"query-input":"required name=search_term_string"}],"inLanguage":"it-IT"}]}},"_links":{"self":[{"href":"https:\/\/faire-loehne.ch\/it\/wp-json\/wp\/v2\/pages\/4641"}],"collection":[{"href":"https:\/\/faire-loehne.ch\/it\/wp-json\/wp\/v2\/pages"}],"about":[{"href":"https:\/\/faire-loehne.ch\/it\/wp-json\/wp\/v2\/types\/page"}],"author":[{"embeddable":true,"href":"https:\/\/faire-loehne.ch\/it\/wp-json\/wp\/v2\/users\/1"}],"replies":[{"embeddable":true,"href":"https:\/\/faire-loehne.ch\/it\/wp-json\/wp\/v2\/comments?post=4641"}],"version-history":[{"count":5,"href":"https:\/\/faire-loehne.ch\/it\/wp-json\/wp\/v2\/pages\/4641\/revisions"}],"predecessor-version":[{"id":7066,"href":"https:\/\/faire-loehne.ch\/it\/wp-json\/wp\/v2\/pages\/4641\/revisions\/7066"}],"wp:attachment":[{"href":"https:\/\/faire-loehne.ch\/it\/wp-json\/wp\/v2\/media?parent=4641"}],"curies":[{"name":"wp","href":"https:\/\/api.w.org\/{rel}","templated":true}]}}