{"id":7030,"date":"2018-09-23T14:02:18","date_gmt":"2018-09-23T14:02:18","guid":{"rendered":"https:\/\/campoal.blue\/single\/?page_id=3"},"modified":"2023-09-05T12:44:39","modified_gmt":"2023-09-05T10:44:39","slug":"datenschutz","status":"publish","type":"page","link":"https:\/\/faire-loehne.ch\/it\/datenschutz\/","title":{"rendered":"Datenschutz"},"content":{"rendered":"<h1>Datenschutzerkl\u00e4rung<\/h1>\n<h2>Rechtliche Hinweise<\/h2>\n<p>Diese Website wird von syndicom in Zusammenarbeit mit impressum betrieben. Sie dient zur Information unserer Mitglieder, Interessierter, Partner und der allgemeinen \u00d6ffentlichkeit sowie zum Mitmachen bei der Petition. syndicom kann f\u00fcr den Betrieb der Website Dritte beiziehen. Die Informationen sowie die Regeln \u00fcber die Nutzung k\u00f6nnen von syndicom jederzeit ge\u00e4ndert werden.<\/p>\n<p>Die \u00c4nderungen sind bindend. Die vorliegende Datenschutzerkl\u00e4rung basiert auf dem Schweizerischen Datenschutzgesetz (DSG) und \u2013 soweit relevant und anwendbar &#8211; der Datenschutzgrundverordnung der EU (DSGVO).<\/p>\n<h2>Urheber- und andere Rechte<\/h2>\n<p>Die auf der Website enthaltenen Informationen werden der \u00d6ffentlichkeit zug\u00e4nglich gemacht. Durch das Herunterladen oder Kopieren von Inhalten, Bildern, Fotos oder anderen Dateien werden keinerlei Rechte bez\u00fcglich der Inhalte \u00fcbertragen.<\/p>\n<p>Die Urheber- und alle anderen Rechte an Inhalten, Bildern, Fotos oder anderen Dateien auf der syndicom-Website liegen ausschliesslich bei syndicom oder den explizit genannten RechtsinhaberInnen. Das (vollst\u00e4ndige oder teilweise) Reproduzieren, \u00dcbermitteln (elektronisch oder mit anderen Mitteln), Modifizieren, Verkn\u00fcpfen oder Benutzen der Website f\u00fcr \u00f6ffentliche oder kommerzielle Zwecke ist ohne vorherige schriftliche Zustimmung untersagt.<\/p>\n<h2>Haftungsausschluss<\/h2>\n<p>Obwohl syndicom mit aller Sorgfalt auf die Richtigkeit der ver\u00f6ffentlichten Informationen achtet, kann sie hinsichtlich der inhaltlichen Richtigkeit, Genauigkeit, Aktualit\u00e4t, Zuverl\u00e4ssigkeit und Vollst\u00e4ndigkeit dieser Informationen keine Gew\u00e4hrleistung \u00fcbernehmen.<\/p>\n<p>syndicom beh\u00e4lt sich ausdr\u00fccklich vor, jederzeit Inhalte ohne Ank\u00fcndigung ganz oder teilweise zu \u00e4ndern, zu l\u00f6schen oder zeitweise nicht zu ver\u00f6ffentlichen.<\/p>\n<p>Haftungsanspr\u00fcche gegen syndicom wegen Sch\u00e4den materieller oder immaterieller Art, die aus dem Zugriff oder der Nutzung bzw. Nichtnutzung der ver\u00f6ffentlichten Informationen, durch Missbrauch der Verbindung oder durch technische St\u00f6rungen entstehen, werden ausgeschlossen. Der Zugriff auf die Website und deren Nutzung werden nicht garantiert.<\/p>\n<h2>Daten\u00fcbertragung via Internet<\/h2>\n<p>Das Internet ist ein offenes, f\u00fcr jedermann zug\u00e4ngliches Netz und gilt somit grunds\u00e4tzlich nicht als sichere Umgebung. Obwohl die einzelnen Datenpakete grunds\u00e4tzlich verschl\u00fcsselt \u00fcbermittelt werden, gilt dies nicht f\u00fcr den Absender und den Empf\u00e4nger. Ausserdem ist es m\u00f6glich, dass Daten ins Ausland und damit allenfalls in ein Land mit einem tieferen Datenschutzniveau als die Schweiz transferiert werden, selbst wenn sich Absender und Empf\u00e4nger in der Schweiz befinden. F\u00fcr die Sicherheit von Daten w\u00e4hrend deren \u00dcbermittlung via Internet schliesst syndicom jede Haftung aus.<\/p>\n<h2>Sammlung und Verwendung von Informationen<\/h2>\n<p><strong>Informationen, die du uns mitteilst<\/strong>: Dabei handelt es sich um Informationen, die du uns unter folgenden Umst\u00e4nden gibst: (i) Wenn du unsere Website und die darauf gebotenen M\u00f6glichkeiten nutzt, d.h. wenn du die Petition unterschreibst. Diese Informationen k\u00f6nnen beispielsweise deine Namen, deine Adresse, deine E-Mail-Adresse und deine Telefonnummer umfassen. Wenn du zustimmst, wird dein Name auf der Website ver\u00f6ffentlicht. Nur wenn du zustimmst, werden wir dich nach deiner Unterschrift zus\u00e4tzlich kontaktieren.<\/p>\n<p><strong>Beim Zugriff auf die Website<\/strong> werden diverse Zugriffsdaten (IP-Adresse, Datum und Uhrzeit des Zugriffes, Name der aufgerufenen Datei etc.) gespeichert. Es finden keine personenbezogenen Auswertungen statt. Zu statistischen Zwecken werden Daten anonym ausgewertet, beispielsweise um festzustellen, wie oft am Tag auf die Website zugegriffen wird. Die L\u00f6schung pers\u00f6nlicher Daten kann jederzeit beantragt werden.<\/p>\n<p>Diese Daten werden streng vertraulich behandelt und Dritten nicht zug\u00e4nglich gemacht, es sei denn, Sie stimmen dem zu, wir sind gesetzlich zur Offenlegung verpflichtet oder die Weitergabe dient unseren berechtigten Interessen in der Zusammenarbeit mit Dritten, die uns bei der Bereitstellung unseres Angebots oder bei der Behebung technischer Probleme unterst\u00fctzen.<\/p>\n<h2>Cookies<\/h2>\n<p>Um die Beliebtheit einzelner Themenbereiche festzustellen und unser Angebot so nutzerfreundlich wie m\u00f6glich zu gestalten, verwenden wir Cookies. Dabei handelt es sich um kleine Textdateien, welche gespeichert werden und die\u00a0 Analyse Ihres Nutzungsverhaltens, die Reichweitenmessung und Angebotsoptimierung erlauben. So m\u00fcssen Sie sich bei registrierungspflichtigen Diensten nicht bei jedem Besuch neu anmelden. Diese Textdateien enthalten keine Personendaten.<\/p>\n<p>Sie k\u00f6nnen den Einsatz von Cookies durch entsprechende Browser-Einstellungen unterbinden. Dies beeintr\u00e4chtigt jedoch unter Umst\u00e4nden die Funktionalit\u00e4t unserer Angebote. Der Zugang zu Bereichen mit Registrierungspflicht ist nur mit aktivierten Cookies m\u00f6glich.<\/p>\n<p>Zu statistischen Zwecken und f\u00fcr die Optimierung der Produkte ziehen wir die Analysedienstleistungen von Google Analytics und Facebook Pixel bei. Dazu werden grunds\u00e4tzlich keine Personendaten erhoben. Sollte dies dennoch erforderlich sein, werden nur so viele Informationen \u00fcbermittelt, wie f\u00fcr die Auftragserf\u00fcllung minimal notwendig sind. Die Erl\u00e4uterungen zu diesen Diensten finden Sie nachstehend.<\/p>\n<h2>Kontakt, Auskunft, Widerruf, Sperrung, L\u00f6schung<\/h2>\n<p>Sie k\u00f6nnen jederzeit unentgeltlich der Nutzung Ihrer personenbezogenen Daten f\u00fcr die Zukunft widersprechen, eine teilweise oder vollst\u00e4ndige L\u00f6schung oder Sperrung veranlassen oder Auskunft \u00fcber die von uns zu Ihrer Person gespeicherten Daten bzw. deren Berichtigung verlangen. Die Einhaltung einer besonderen Form ist nicht erforderlich, schreiben Sie uns zum Beispiel per E-Mail unter\u00a0info[at]syndicom.ch\u00a0oder nutzen Sie unser\u00a0<a href=\"https:\/\/syndicom.ch\/kontakt\/\">Kontaktformular<\/a>\u00a0auf der Website.<\/p>\n<h2>Speicherungsdauer<\/h2>\n<p>Wir verarbeiten und speichern personenbezogene Daten betroffener Personen nur f\u00fcr den Zeitraum, der zur Erreichung des Speicherungszweckes erforderlich ist, oder sofern dies durch gesetzliche Vorgaben, welchen die Verantwortlichen unterliegen, vorgesehen wurde. Entf\u00e4llt der Speicherungszweck oder l\u00e4uft eine allf\u00e4llige gesetzliche Speicherfrist ab, werden die personenbezogenen Daten routinem\u00e4ssig und entsprechend der gesetzlichen Vorschriften gesperrt oder gel\u00f6scht.<\/p>\n<h2>Datensicherheit<\/h2>\n<p>Wir haben technische und organisatorische Massnahmen getroffen, um Ihre Daten vor Verlust, Ver\u00e4nderung oder Fremdzugriff zu sch\u00fctzen. Diese Sicherheitsmassnahmen werden entsprechend der technologischen Entwicklung fortlaufend von uns verbessert.<\/p>","protected":false},"excerpt":{"rendered":"<p>Datenschutzerkl\u00e4rung Rechtliche Hinweise Diese Website wird von syndicom in Zusammenarbeit mit impressum betrieben. Sie dient zur Information unserer Mitglieder, Interessierter, Partner und der allgemeinen \u00d6ffentlichkeit sowie zum Mitmachen bei der [&hellip;]<\/p>","protected":false},"author":1,"featured_media":7076,"parent":0,"menu_order":0,"comment_status":"closed","ping_status":"open","template":"container.php","meta":{"inline_featured_image":false,"footnotes":""},"yoast_head":"<!-- This site is optimized with the Yoast SEO plugin v21.1 - https:\/\/yoast.com\/wordpress\/plugins\/seo\/ -->\n<title>Faire L\u00f6hne<\/title>\n<meta name=\"description\" content=\"Faire L\u00f6hne und Arbeitsbedingungen f\u00fcr Medienschaffende \/\/ Des salaires et des conditions de travail \u00e9quitables pour les professionnels des m\u00e9dias \/\/ Salari e condizioni di lavoro equi per i professionisti dei media.\" \/>\n<meta name=\"robots\" content=\"index, follow, max-snippet:-1, max-image-preview:large, max-video-preview:-1\" \/>\n<link rel=\"canonical\" href=\"https:\/\/faire-loehne.ch\/it\/datenschutz\/\" \/>\n<meta property=\"og:locale\" content=\"it_IT\" \/>\n<meta property=\"og:type\" content=\"article\" \/>\n<meta property=\"og:title\" content=\"Faire L\u00f6hne\" \/>\n<meta property=\"og:description\" content=\"Faire L\u00f6hne und Arbeitsbedingungen f\u00fcr Medienschaffende \/\/ Des salaires et des conditions de travail \u00e9quitables pour les professionnels des m\u00e9dias \/\/ Salari e condizioni di lavoro equi per i professionisti dei media.\" \/>\n<meta property=\"og:url\" content=\"https:\/\/faire-loehne.ch\/it\/datenschutz\/\" \/>\n<meta property=\"og:site_name\" content=\"Faire L\u00f6hne\" \/>\n<meta property=\"article:modified_time\" content=\"2023-09-05T10:44:39+00:00\" \/>\n<meta property=\"og:image\" content=\"https:\/\/faire-loehne.ch\/wp-content\/uploads\/2023\/08\/header_lohndemo.png\" \/>\n\t<meta property=\"og:image:width\" content=\"4000\" \/>\n\t<meta property=\"og:image:height\" content=\"2000\" \/>\n\t<meta property=\"og:image:type\" content=\"image\/png\" \/>\n<meta name=\"twitter:card\" content=\"summary_large_image\" \/>\n<meta name=\"twitter:label1\" content=\"Tempo di lettura stimato\" \/>\n\t<meta name=\"twitter:data1\" content=\"4 minuti\" \/>\n<script type=\"application\/ld+json\" class=\"yoast-schema-graph\">{\"@context\":\"https:\/\/schema.org\",\"@graph\":[{\"@type\":\"WebPage\",\"@id\":\"https:\/\/faire-loehne.ch\/datenschutz\/\",\"url\":\"https:\/\/faire-loehne.ch\/datenschutz\/\",\"name\":\"Faire L\u00f6hne\",\"isPartOf\":{\"@id\":\"https:\/\/faire-loehne.ch\/#website\"},\"datePublished\":\"2018-09-23T14:02:18+00:00\",\"dateModified\":\"2023-09-05T10:44:39+00:00\",\"description\":\"Faire L\u00f6hne und Arbeitsbedingungen f\u00fcr Medienschaffende \/\/ Des salaires et des conditions de travail \u00e9quitables pour les professionnels des m\u00e9dias \/\/ Salari e condizioni di lavoro equi per i professionisti dei media.\",\"breadcrumb\":{\"@id\":\"https:\/\/faire-loehne.ch\/datenschutz\/#breadcrumb\"},\"inLanguage\":\"it-IT\",\"potentialAction\":[{\"@type\":\"ReadAction\",\"target\":[\"https:\/\/faire-loehne.ch\/datenschutz\/\"]}]},{\"@type\":\"BreadcrumbList\",\"@id\":\"https:\/\/faire-loehne.ch\/datenschutz\/#breadcrumb\",\"itemListElement\":[{\"@type\":\"ListItem\",\"position\":1,\"name\":\"Startseite\",\"item\":\"https:\/\/faire-loehne.ch\/\"},{\"@type\":\"ListItem\",\"position\":2,\"name\":\"Datenschutz\"}]},{\"@type\":\"WebSite\",\"@id\":\"https:\/\/faire-loehne.ch\/#website\",\"url\":\"https:\/\/faire-loehne.ch\/\",\"name\":\"Faire L\u00f6hne\",\"description\":\"FAIRE L\u00d6HNE UND ARBEITSBEDINGUNGEN F\u00dcR MEDIENSCHAFFENDE\",\"potentialAction\":[{\"@type\":\"SearchAction\",\"target\":{\"@type\":\"EntryPoint\",\"urlTemplate\":\"https:\/\/faire-loehne.ch\/?s={search_term_string}\"},\"query-input\":\"required name=search_term_string\"}],\"inLanguage\":\"it-IT\"}]}<\/script>\n<!-- \/ Yoast SEO plugin. -->","yoast_head_json":{"title":"Faire L\u00f6hne","description":"Faire L\u00f6hne und Arbeitsbedingungen f\u00fcr Medienschaffende \/\/ Des salaires et des conditions de travail \u00e9quitables pour les professionnels des m\u00e9dias \/\/ Salari e condizioni di lavoro equi per i professionisti dei media.","robots":{"index":"index","follow":"follow","max-snippet":"max-snippet:-1","max-image-preview":"max-image-preview:large","max-video-preview":"max-video-preview:-1"},"canonical":"https:\/\/faire-loehne.ch\/it\/datenschutz\/","og_locale":"it_IT","og_type":"article","og_title":"Faire L\u00f6hne","og_description":"Faire L\u00f6hne und Arbeitsbedingungen f\u00fcr Medienschaffende \/\/ Des salaires et des conditions de travail \u00e9quitables pour les professionnels des m\u00e9dias \/\/ Salari e condizioni di lavoro equi per i professionisti dei media.","og_url":"https:\/\/faire-loehne.ch\/it\/datenschutz\/","og_site_name":"Faire L\u00f6hne","article_modified_time":"2023-09-05T10:44:39+00:00","og_image":[{"width":4000,"height":2000,"url":"https:\/\/faire-loehne.ch\/wp-content\/uploads\/2023\/08\/header_lohndemo.png","type":"image\/png"}],"twitter_card":"summary_large_image","twitter_misc":{"Tempo di lettura stimato":"4 minuti"},"schema":{"@context":"https:\/\/schema.org","@graph":[{"@type":"WebPage","@id":"https:\/\/faire-loehne.ch\/datenschutz\/","url":"https:\/\/faire-loehne.ch\/datenschutz\/","name":"Faire L\u00f6hne","isPartOf":{"@id":"https:\/\/faire-loehne.ch\/#website"},"datePublished":"2018-09-23T14:02:18+00:00","dateModified":"2023-09-05T10:44:39+00:00","description":"Faire L\u00f6hne und Arbeitsbedingungen f\u00fcr Medienschaffende \/\/ Des salaires et des conditions de travail \u00e9quitables pour les professionnels des m\u00e9dias \/\/ Salari e condizioni di lavoro equi per i professionisti dei media.","breadcrumb":{"@id":"https:\/\/faire-loehne.ch\/datenschutz\/#breadcrumb"},"inLanguage":"it-IT","potentialAction":[{"@type":"ReadAction","target":["https:\/\/faire-loehne.ch\/datenschutz\/"]}]},{"@type":"BreadcrumbList","@id":"https:\/\/faire-loehne.ch\/datenschutz\/#breadcrumb","itemListElement":[{"@type":"ListItem","position":1,"name":"Startseite","item":"https:\/\/faire-loehne.ch\/"},{"@type":"ListItem","position":2,"name":"Datenschutz"}]},{"@type":"WebSite","@id":"https:\/\/faire-loehne.ch\/#website","url":"https:\/\/faire-loehne.ch\/","name":"Faire L\u00f6hne","description":"FAIRE L\u00d6HNE UND ARBEITSBEDINGUNGEN F\u00dcR MEDIENSCHAFFENDE","potentialAction":[{"@type":"SearchAction","target":{"@type":"EntryPoint","urlTemplate":"https:\/\/faire-loehne.ch\/?s={search_term_string}"},"query-input":"required name=search_term_string"}],"inLanguage":"it-IT"}]}},"_links":{"self":[{"href":"https:\/\/faire-loehne.ch\/it\/wp-json\/wp\/v2\/pages\/7030"}],"collection":[{"href":"https:\/\/faire-loehne.ch\/it\/wp-json\/wp\/v2\/pages"}],"about":[{"href":"https:\/\/faire-loehne.ch\/it\/wp-json\/wp\/v2\/types\/page"}],"author":[{"embeddable":true,"href":"https:\/\/faire-loehne.ch\/it\/wp-json\/wp\/v2\/users\/1"}],"replies":[{"embeddable":true,"href":"https:\/\/faire-loehne.ch\/it\/wp-json\/wp\/v2\/comments?post=7030"}],"version-history":[{"count":2,"href":"https:\/\/faire-loehne.ch\/it\/wp-json\/wp\/v2\/pages\/7030\/revisions"}],"predecessor-version":[{"id":7125,"href":"https:\/\/faire-loehne.ch\/it\/wp-json\/wp\/v2\/pages\/7030\/revisions\/7125"}],"wp:featuredmedia":[{"embeddable":true,"href":"https:\/\/faire-loehne.ch\/it\/wp-json\/wp\/v2\/media\/7076"}],"wp:attachment":[{"href":"https:\/\/faire-loehne.ch\/it\/wp-json\/wp\/v2\/media?parent=7030"}],"curies":[{"name":"wp","href":"https:\/\/api.w.org\/{rel}","templated":true}]}}